{"id":45,"date":"2024-05-29T13:34:22","date_gmt":"2024-05-29T11:34:22","guid":{"rendered":"https:\/\/acasl-beauronne.fr\/?page_id=45"},"modified":"2024-11-07T20:59:04","modified_gmt":"2024-11-07T19:59:04","slug":"epi-de-faitage","status":"publish","type":"page","link":"https:\/\/acasl-beauronne.fr\/index.php\/epi-de-faitage\/","title":{"rendered":"Historique de Beauronne"},"content":{"rendered":"\n<div class=\"wp-block-cover is-light\"><span aria-hidden=\"true\" class=\"wp-block-cover__background has-background-dim\" style=\"background-color:#FFF\"><\/span><img loading=\"lazy\" decoding=\"async\" width=\"2000\" height=\"1198\" class=\"wp-block-cover__image-background wp-image-7\" alt=\"Rivi\u00e8re la Beauronne\" src=\"http:\/\/acasl-beauronne.fr\/wp-content\/uploads\/2024\/05\/cropped-Beauronne_Beauronne_Maine_moulin_amont-scaled-1.jpg\" data-object-fit=\"cover\" srcset=\"https:\/\/acasl-beauronne.fr\/wp-content\/uploads\/2024\/05\/cropped-Beauronne_Beauronne_Maine_moulin_amont-scaled-1.jpg 2000w, https:\/\/acasl-beauronne.fr\/wp-content\/uploads\/2024\/05\/cropped-Beauronne_Beauronne_Maine_moulin_amont-scaled-1-300x180.jpg 300w, https:\/\/acasl-beauronne.fr\/wp-content\/uploads\/2024\/05\/cropped-Beauronne_Beauronne_Maine_moulin_amont-scaled-1-1024x613.jpg 1024w, https:\/\/acasl-beauronne.fr\/wp-content\/uploads\/2024\/05\/cropped-Beauronne_Beauronne_Maine_moulin_amont-scaled-1-768x460.jpg 768w, https:\/\/acasl-beauronne.fr\/wp-content\/uploads\/2024\/05\/cropped-Beauronne_Beauronne_Maine_moulin_amont-scaled-1-1536x920.jpg 1536w\" sizes=\"auto, (max-width: 2000px) 100vw, 2000px\" \/><div class=\"wp-block-cover__inner-container has-global-padding is-layout-constrained wp-block-cover-is-layout-constrained\">\n<p class=\"has-text-align-center has-text-color has-link-color has-x-large-font-size wp-elements-7546c6aff97dbf2e1d9c5f16246f2eb9\" style=\"color:#305562\">Beauronne<\/p>\n<\/div><\/div>\n\n\n\n<p>Petite commune dont La superficie est de 1924 hectares pour environ 370 habitants, situ\u00e9e en lisi\u00e8re de la for\u00eat de la Double et \u00e0 cheval sur l\u2019\u00e9troite vall\u00e9e du ruisseau La Beauronne, dont le nom d\u2019origine gauloise signifierait \u00ab la rivi\u00e8re des castors \u00bb, renomm\u00e9e pour ses truites.<\/p>\n\n\n\n<div class=\"wp-block-media-text alignwide is-stacked-on-mobile is-vertically-aligned-top\" style=\"grid-template-columns:20% auto\"><figure class=\"wp-block-media-text__media\"><img loading=\"lazy\" decoding=\"async\" width=\"669\" height=\"1024\" src=\"http:\/\/acasl-beauronne.fr\/wp-content\/uploads\/2024\/05\/eglise-669x1024.jpg\" alt=\"\" class=\"wp-image-102 size-full\" srcset=\"https:\/\/acasl-beauronne.fr\/wp-content\/uploads\/2024\/05\/eglise-669x1024.jpg 669w, https:\/\/acasl-beauronne.fr\/wp-content\/uploads\/2024\/05\/eglise-196x300.jpg 196w, https:\/\/acasl-beauronne.fr\/wp-content\/uploads\/2024\/05\/eglise-768x1175.jpg 768w, https:\/\/acasl-beauronne.fr\/wp-content\/uploads\/2024\/05\/eglise-1004x1536.jpg 1004w, https:\/\/acasl-beauronne.fr\/wp-content\/uploads\/2024\/05\/eglise-1339x2048.jpg 1339w, https:\/\/acasl-beauronne.fr\/wp-content\/uploads\/2024\/05\/eglise.jpg 1657w\" sizes=\"auto, (max-width: 669px) 100vw, 669px\" \/><\/figure><div class=\"wp-block-media-text__content\">\n<p>Divers \u00e9crits nous relatent l\u2019histoire du village et notamment qu\u2019autrefois ce fut une commanderie de St Jean de J\u00e9rusalem. Son \u00e9glise d\u2019architecture romane du XIIe si\u00e8cle en atteste sa fiert\u00e9. Particularit\u00e9 du chemin de croix\u00a0: il est constitu\u00e9 de poteries, cr\u00e9es par Abel Coustillas.<\/p>\n<\/div><\/div>\n\n\n\n<p>La commune \u00e9tait autrefois un haut lieu de la poterie, on comptait \u00e0 la veille de la R\u00e9volution pas moins de 132 potiers, mais \u00e0 la fin du XIX\u00e8me si\u00e8cle il n\u2019en restait qu\u2019une trentaine.<\/p>\n\n\n\n<figure class=\"wp-block-pullquote\" style=\"margin-top:0;margin-right:0;margin-bottom:0;margin-left:0\"><blockquote><p><em>La commune \u00e9tait autrefois un haut lieu de la poterie [&#8230;] pour perp\u00e9trer cette tradition poti\u00e8re, les toits du bourg sont orn\u00e9s d\u2019\u00e9pis de fa\u00eetage<\/em><\/p><\/blockquote><\/figure>\n\n\n\n<p>Pour perp\u00e9trer cette tradition poti\u00e8re, les toits du bourg sont orn\u00e9s d\u2019\u00e9pis de fa\u00eetage, tourn\u00e9s par Abel Coustillas.Ils repr\u00e9sentent les corps de m\u00e9tiers qui animent le village\u00a0: maitre d\u2019\u00e9cole, maire, facteur, gaveuse d\u2019oie\u2026<br>De nouveaux \u00e9pis de faitage continuent cette singuli\u00e8re tradition, et remplace peu \u00e0 peu celle des\u00a0<em>monacas<\/em>, \u00e9pis plus anciens, coiff\u00e9s d\u2019un tricorne.<\/p>\n\n\n\n<div class=\"wp-block-group alignfull has-global-padding is-layout-constrained wp-container-core-group-is-layout-b25ccd55 wp-block-group-is-layout-constrained\" style=\"margin-top:0;margin-bottom:0;padding-top:var(--wp--preset--spacing--50);padding-right:var(--wp--preset--spacing--50);padding-bottom:var(--wp--preset--spacing--50);padding-left:var(--wp--preset--spacing--50)\">\n<div class=\"wp-block-columns alignwide is-layout-flex wp-container-core-columns-is-layout-ff4b9c61 wp-block-columns-is-layout-flex\" style=\"margin-top:0;margin-bottom:0\">\n<div class=\"wp-block-column is-layout-flow wp-container-core-column-is-layout-8a368f38 wp-block-column-is-layout-flow\">\n<figure class=\"wp-block-image size-full is-style-rounded is-style-rounded--1\"><img loading=\"lazy\" decoding=\"async\" width=\"1728\" height=\"974\" src=\"http:\/\/acasl-beauronne.fr\/wp-content\/uploads\/2024\/10\/1.jpg\" alt=\"\" class=\"wp-image-144\" style=\"aspect-ratio:4\/3;object-fit:cover\" srcset=\"https:\/\/acasl-beauronne.fr\/wp-content\/uploads\/2024\/10\/1.jpg 1728w, https:\/\/acasl-beauronne.fr\/wp-content\/uploads\/2024\/10\/1-300x169.jpg 300w, https:\/\/acasl-beauronne.fr\/wp-content\/uploads\/2024\/10\/1-1024x577.jpg 1024w, https:\/\/acasl-beauronne.fr\/wp-content\/uploads\/2024\/10\/1-768x433.jpg 768w, https:\/\/acasl-beauronne.fr\/wp-content\/uploads\/2024\/10\/1-1536x866.jpg 1536w\" sizes=\"auto, (max-width: 1728px) 100vw, 1728px\" \/><\/figure>\n<\/div>\n\n\n\n<div class=\"wp-block-column is-layout-flow wp-container-core-column-is-layout-8a368f38 wp-block-column-is-layout-flow\">\n<figure class=\"wp-block-image size-full is-style-rounded is-style-rounded--2\"><img loading=\"lazy\" decoding=\"async\" width=\"500\" height=\"375\" src=\"http:\/\/acasl-beauronne.fr\/wp-content\/uploads\/2024\/10\/epi-ecolier.jpg\" alt=\"\" class=\"wp-image-147\" style=\"aspect-ratio:3\/4;object-fit:cover\" srcset=\"https:\/\/acasl-beauronne.fr\/wp-content\/uploads\/2024\/10\/epi-ecolier.jpg 500w, https:\/\/acasl-beauronne.fr\/wp-content\/uploads\/2024\/10\/epi-ecolier-300x225.jpg 300w\" sizes=\"auto, (max-width: 500px) 100vw, 500px\" \/><\/figure>\n<\/div>\n\n\n\n<div class=\"wp-block-column is-layout-flow wp-container-core-column-is-layout-8a368f38 wp-block-column-is-layout-flow\">\n<figure class=\"wp-block-image size-full is-style-rounded is-style-rounded--3\"><img loading=\"lazy\" decoding=\"async\" width=\"500\" height=\"375\" src=\"http:\/\/acasl-beauronne.fr\/wp-content\/uploads\/2024\/10\/epi-garde-champetre.jpg\" alt=\"\" class=\"wp-image-148\" style=\"aspect-ratio:1;object-fit:cover\" srcset=\"https:\/\/acasl-beauronne.fr\/wp-content\/uploads\/2024\/10\/epi-garde-champetre.jpg 500w, https:\/\/acasl-beauronne.fr\/wp-content\/uploads\/2024\/10\/epi-garde-champetre-300x225.jpg 300w\" sizes=\"auto, (max-width: 500px) 100vw, 500px\" \/><\/figure>\n<\/div>\n<\/div>\n<\/div>\n\n\n\n<div class=\"wp-block-media-text is-stacked-on-mobile\"><figure class=\"wp-block-media-text__media\"><img loading=\"lazy\" decoding=\"async\" width=\"1024\" height=\"576\" src=\"http:\/\/acasl-beauronne.fr\/wp-content\/uploads\/2024\/05\/IMG_20240405_064823-edited-1024x576.jpg\" alt=\"\" class=\"wp-image-87 size-full\" srcset=\"https:\/\/acasl-beauronne.fr\/wp-content\/uploads\/2024\/05\/IMG_20240405_064823-edited-1024x576.jpg 1024w, https:\/\/acasl-beauronne.fr\/wp-content\/uploads\/2024\/05\/IMG_20240405_064823-edited-300x169.jpg 300w, https:\/\/acasl-beauronne.fr\/wp-content\/uploads\/2024\/05\/IMG_20240405_064823-edited-768x432.jpg 768w, https:\/\/acasl-beauronne.fr\/wp-content\/uploads\/2024\/05\/IMG_20240405_064823-edited-1536x864.jpg 1536w, https:\/\/acasl-beauronne.fr\/wp-content\/uploads\/2024\/05\/IMG_20240405_064823-edited-2048x1152.jpg 2048w\" sizes=\"auto, (max-width: 1024px) 100vw, 1024px\" \/><\/figure><div class=\"wp-block-media-text__content\">\n<p style=\"padding-top:0;padding-right:0;padding-bottom:0;padding-left:0\">Aussi, la maison de la Poterie accueille expositions, stages, cours..<br>La Maison de la Poterie<br>Association TERRA ETC.. <br>05 53 80 0176<\/p>\n<\/div><\/div>\n","protected":false},"excerpt":{"rendered":"<p>Petite commune dont La superficie est de 1924 hectares pour environ 370 habitants, situ\u00e9e en lisi\u00e8re de la for\u00eat de la Double et \u00e0 cheval sur l\u2019\u00e9troite vall\u00e9e du ruisseau La Beauronne, dont le nom d\u2019origine gauloise signifierait \u00ab la rivi\u00e8re des castors \u00bb, renomm\u00e9e pour ses truites. Divers \u00e9crits nous relatent l\u2019histoire du village [&hellip;]<\/p>\n","protected":false},"author":1,"featured_media":0,"parent":0,"menu_order":0,"comment_status":"closed","ping_status":"closed","template":"","meta":{"footnotes":""},"class_list":["post-45","page","type-page","status-publish","hentry"],"_links":{"self":[{"href":"https:\/\/acasl-beauronne.fr\/index.php\/wp-json\/wp\/v2\/pages\/45","targetHints":{"allow":["GET"]}}],"collection":[{"href":"https:\/\/acasl-beauronne.fr\/index.php\/wp-json\/wp\/v2\/pages"}],"about":[{"href":"https:\/\/acasl-beauronne.fr\/index.php\/wp-json\/wp\/v2\/types\/page"}],"author":[{"embeddable":true,"href":"https:\/\/acasl-beauronne.fr\/index.php\/wp-json\/wp\/v2\/users\/1"}],"replies":[{"embeddable":true,"href":"https:\/\/acasl-beauronne.fr\/index.php\/wp-json\/wp\/v2\/comments?post=45"}],"version-history":[{"count":10,"href":"https:\/\/acasl-beauronne.fr\/index.php\/wp-json\/wp\/v2\/pages\/45\/revisions"}],"predecessor-version":[{"id":969,"href":"https:\/\/acasl-beauronne.fr\/index.php\/wp-json\/wp\/v2\/pages\/45\/revisions\/969"}],"wp:attachment":[{"href":"https:\/\/acasl-beauronne.fr\/index.php\/wp-json\/wp\/v2\/media?parent=45"}],"curies":[{"name":"wp","href":"https:\/\/api.w.org\/{rel}","templated":true}]}}