{"id":283,"date":"2024-11-20T18:18:41","date_gmt":"2024-11-20T17:18:41","guid":{"rendered":"https:\/\/acasl-beauronne.fr\/?page_id=283"},"modified":"2025-11-12T07:38:44","modified_gmt":"2025-11-12T06:38:44","slug":"papote-et-bricole","status":"publish","type":"page","link":"https:\/\/acasl-beauronne.fr\/index.php\/papote-et-bricole\/","title":{"rendered":"Papote et bricole"},"content":{"rendered":"\n<div class=\"wp-block-group alignfull has-accent-2-background-color has-background has-global-padding is-layout-constrained wp-container-core-group-is-layout-669513ed wp-block-group-is-layout-constrained\" style=\"margin-top:0;margin-bottom:0;padding-top:var(--wp--preset--spacing--50);padding-right:var(--wp--preset--spacing--50);padding-bottom:var(--wp--preset--spacing--50);padding-left:var(--wp--preset--spacing--50)\">\n<div class=\"wp-block-columns alignwide is-layout-flex wp-container-core-columns-is-layout-28f84493 wp-block-columns-is-layout-flex\">\n<div class=\"wp-block-column is-layout-flow wp-block-column-is-layout-flow\" style=\"flex-basis:40%\">\n<p class=\"wp-container-content-0733e5d0\">Papote et Bricole<\/p>\n<\/div>\n\n\n\n<div class=\"wp-block-column is-layout-flow wp-block-column-is-layout-flow\" style=\"flex-basis:60%\">\n<p class=\"has-heading-font-family has-x-large-font-size\" style=\"line-height:1.2\">Atelier cr\u00e9atif \u00e0 l&#8217;ambiance sympathique. Rendez vous tous les lundis et jeudis \u00e0 partir de 14 heures. <\/p>\n\n\n\n<p>Chez Patricia Coustillas, Beauronne. Pour nous contacter : 06 15 05 82 51<\/p>\n\n\n\n<div data-wp-interactive=\"core\/file\" class=\"wp-block-file\"><object data-wp-bind--hidden=\"!state.hasPdfPreview\" hidden class=\"wp-block-file__embed\" data=\"https:\/\/acasl-beauronne.fr\/wp-content\/uploads\/2025\/11\/affiche-marche-de-l-avent-2025-1-1.pdf\" type=\"application\/pdf\" style=\"width:100%;height:620px\" aria-label=\"Embed of affiche march\u00e9 de l avent 2025 (1).\"><\/object><a id=\"wp-block-file--media-cf818350-de1b-4389-bfd7-591a98d512a5\" href=\"https:\/\/acasl-beauronne.fr\/wp-content\/uploads\/2025\/11\/affiche-marche-de-l-avent-2025-1-1.pdf\">affiche march\u00e9 de l avent 2025 (1)<\/a><a href=\"https:\/\/acasl-beauronne.fr\/wp-content\/uploads\/2025\/11\/affiche-marche-de-l-avent-2025-1-1.pdf\" class=\"wp-block-file__button wp-element-button\" download aria-describedby=\"wp-block-file--media-cf818350-de1b-4389-bfd7-591a98d512a5\">Download<\/a><\/div>\n<\/div>\n<\/div>\n\n\n\n<div data-wp-interactive=\"core\/file\" class=\"wp-block-file\"><object data-wp-bind--hidden=\"!state.hasPdfPreview\" hidden class=\"wp-block-file__embed\" data=\"https:\/\/acasl-beauronne.fr\/wp-content\/uploads\/2025\/08\/peintures-sans-peinture.pdf\" type=\"application\/pdf\" style=\"width:100%;height:600px\" aria-label=\"Embed of peintures sans peinture.\"><\/object><a id=\"wp-block-file--media-65e9cced-71ad-4e23-ac7c-3b5cffb83fca\" href=\"https:\/\/acasl-beauronne.fr\/wp-content\/uploads\/2025\/08\/peintures-sans-peinture.pdf\">peintures sans peinture<\/a><a href=\"https:\/\/acasl-beauronne.fr\/wp-content\/uploads\/2025\/08\/peintures-sans-peinture.pdf\" class=\"wp-block-file__button wp-element-button\" download aria-describedby=\"wp-block-file--media-65e9cced-71ad-4e23-ac7c-3b5cffb83fca\">Download<\/a><\/div>\n\n\n\n<figure class=\"wp-block-image size-full is-style-rounded is-style-rounded--1\"><img loading=\"lazy\" decoding=\"async\" width=\"1240\" height=\"1754\" src=\"http:\/\/acasl-beauronne.fr\/wp-content\/uploads\/2024\/12\/marchedelavent2024V2.jpg\" alt=\"\" class=\"wp-image-381\" srcset=\"https:\/\/acasl-beauronne.fr\/wp-content\/uploads\/2024\/12\/marchedelavent2024V2.jpg 1240w, https:\/\/acasl-beauronne.fr\/wp-content\/uploads\/2024\/12\/marchedelavent2024V2-212x300.jpg 212w, https:\/\/acasl-beauronne.fr\/wp-content\/uploads\/2024\/12\/marchedelavent2024V2-724x1024.jpg 724w, https:\/\/acasl-beauronne.fr\/wp-content\/uploads\/2024\/12\/marchedelavent2024V2-768x1086.jpg 768w, https:\/\/acasl-beauronne.fr\/wp-content\/uploads\/2024\/12\/marchedelavent2024V2-1086x1536.jpg 1086w\" sizes=\"auto, (max-width: 1240px) 100vw, 1240px\" \/><\/figure>\n<\/div>\n\n\n\n<div class=\"wp-block-group alignfull has-base-background-color has-background has-global-padding is-layout-constrained wp-container-core-group-is-layout-d89aad35 wp-block-group-is-layout-constrained\" style=\"margin-top:0;margin-bottom:0;padding-top:var(--wp--preset--spacing--50);padding-right:var(--wp--preset--spacing--50);padding-bottom:var(--wp--preset--spacing--50);padding-left:var(--wp--preset--spacing--50)\">\n<div class=\"wp-block-columns alignwide is-layout-flex wp-container-core-columns-is-layout-549b0c86 wp-block-columns-is-layout-flex\">\n<div class=\"wp-block-column has-global-padding is-content-justification-left is-layout-constrained wp-container-core-column-is-layout-4f15e8fe wp-block-column-is-layout-constrained\" style=\"flex-basis:40%\">\n<h2 class=\"wp-block-heading\">Quelques photos issues de la f\u00eate pour les 20 ans de l&#8217;ACASL<\/h2>\n<\/div>\n\n\n\n<div class=\"wp-block-column is-layout-flow wp-container-core-column-is-layout-119bc444 wp-block-column-is-layout-flow\" style=\"flex-basis:60%\">\n<div class=\"wp-block-columns is-layout-flex wp-container-core-columns-is-layout-87beb0d0 wp-block-columns-is-layout-flex\">\n<div class=\"wp-block-column is-layout-flow wp-block-column-is-layout-flow\">\n<p class=\"wp-container-content-9cfa9a5a\">Gravure sur bois<\/p>\n\n\n\n<figure class=\"wp-block-image size-full\"><img loading=\"lazy\" decoding=\"async\" width=\"960\" height=\"720\" src=\"https:\/\/acasl-beauronne.fr\/wp-content\/uploads\/2024\/11\/tempImageA1ZK7M.jpg\" alt=\"\" class=\"wp-image-307\" srcset=\"https:\/\/acasl-beauronne.fr\/wp-content\/uploads\/2024\/11\/tempImageA1ZK7M.jpg 960w, https:\/\/acasl-beauronne.fr\/wp-content\/uploads\/2024\/11\/tempImageA1ZK7M-300x225.jpg 300w, https:\/\/acasl-beauronne.fr\/wp-content\/uploads\/2024\/11\/tempImageA1ZK7M-768x576.jpg 768w\" sizes=\"auto, (max-width: 960px) 100vw, 960px\" \/><\/figure>\n<\/div>\n\n\n\n<div class=\"wp-block-column is-layout-flow wp-block-column-is-layout-flow\">\n<p class=\"wp-container-content-9cfa9a5a\">Papier mach\u00e9<\/p>\n\n\n\n<figure class=\"wp-block-image size-full\"><img loading=\"lazy\" decoding=\"async\" width=\"720\" height=\"540\" src=\"http:\/\/acasl-beauronne.fr\/wp-content\/uploads\/2024\/11\/IMG_1396.jpg\" alt=\"\" class=\"wp-image-289\" srcset=\"https:\/\/acasl-beauronne.fr\/wp-content\/uploads\/2024\/11\/IMG_1396.jpg 720w, https:\/\/acasl-beauronne.fr\/wp-content\/uploads\/2024\/11\/IMG_1396-300x225.jpg 300w\" sizes=\"auto, (max-width: 720px) 100vw, 720px\" \/><\/figure>\n<\/div>\n\n\n\n<div class=\"wp-block-column is-layout-flow wp-block-column-is-layout-flow\">\n<p class=\"wp-container-content-9cfa9a5a\">Laine card\u00e9e<\/p>\n\n\n\n<figure class=\"wp-block-image size-full\"><img loading=\"lazy\" decoding=\"async\" width=\"960\" height=\"720\" src=\"http:\/\/acasl-beauronne.fr\/wp-content\/uploads\/2024\/11\/IMG_1399-1.jpg\" alt=\"\" class=\"wp-image-305\" srcset=\"https:\/\/acasl-beauronne.fr\/wp-content\/uploads\/2024\/11\/IMG_1399-1.jpg 960w, https:\/\/acasl-beauronne.fr\/wp-content\/uploads\/2024\/11\/IMG_1399-1-300x225.jpg 300w, https:\/\/acasl-beauronne.fr\/wp-content\/uploads\/2024\/11\/IMG_1399-1-768x576.jpg 768w\" sizes=\"auto, (max-width: 960px) 100vw, 960px\" \/><\/figure>\n<\/div>\n\n\n\n<div class=\"wp-block-column is-layout-flow wp-block-column-is-layout-flow\">\n<p>Tricot<\/p>\n\n\n\n<figure class=\"wp-block-image size-full\"><img loading=\"lazy\" decoding=\"async\" width=\"720\" height=\"540\" src=\"https:\/\/acasl-beauronne.fr\/wp-content\/uploads\/2024\/11\/tempImagebs3Xpe.jpg\" alt=\"\" class=\"wp-image-308\" srcset=\"https:\/\/acasl-beauronne.fr\/wp-content\/uploads\/2024\/11\/tempImagebs3Xpe.jpg 720w, https:\/\/acasl-beauronne.fr\/wp-content\/uploads\/2024\/11\/tempImagebs3Xpe-300x225.jpg 300w\" sizes=\"auto, (max-width: 720px) 100vw, 720px\" \/><\/figure>\n<\/div>\n<\/div>\n<\/div>\n<\/div>\n<\/div>\n\n\n\n<figure class=\"wp-block-image aligncenter size-large is-resized\"><img loading=\"lazy\" decoding=\"async\" width=\"793\" height=\"1024\" src=\"https:\/\/acasl-beauronne.fr\/wp-content\/uploads\/2024\/12\/logoTricoteuses-793x1024.png\" alt=\"\" class=\"wp-image-377\" style=\"width:178px;height:auto\" srcset=\"https:\/\/acasl-beauronne.fr\/wp-content\/uploads\/2024\/12\/logoTricoteuses-793x1024.png 793w, https:\/\/acasl-beauronne.fr\/wp-content\/uploads\/2024\/12\/logoTricoteuses-232x300.png 232w, https:\/\/acasl-beauronne.fr\/wp-content\/uploads\/2024\/12\/logoTricoteuses-768x992.png 768w, https:\/\/acasl-beauronne.fr\/wp-content\/uploads\/2024\/12\/logoTricoteuses.png 991w\" sizes=\"auto, (max-width: 793px) 100vw, 793px\" \/><\/figure>\n","protected":false},"excerpt":{"rendered":"<p>Papote et Bricole Atelier cr\u00e9atif \u00e0 l&#8217;ambiance sympathique. Rendez vous tous les lundis et jeudis \u00e0 partir de 14 heures. Chez Patricia Coustillas, Beauronne. Pour nous contacter : 06 15 05 82 51 Quelques photos issues de la f\u00eate pour les 20 ans de l&#8217;ACASL Gravure sur bois Papier mach\u00e9 Laine card\u00e9e Tricot<\/p>\n","protected":false},"author":1,"featured_media":0,"parent":0,"menu_order":0,"comment_status":"closed","ping_status":"closed","template":"","meta":{"footnotes":""},"class_list":["post-283","page","type-page","status-publish","hentry"],"_links":{"self":[{"href":"https:\/\/acasl-beauronne.fr\/index.php\/wp-json\/wp\/v2\/pages\/283","targetHints":{"allow":["GET"]}}],"collection":[{"href":"https:\/\/acasl-beauronne.fr\/index.php\/wp-json\/wp\/v2\/pages"}],"about":[{"href":"https:\/\/acasl-beauronne.fr\/index.php\/wp-json\/wp\/v2\/types\/page"}],"author":[{"embeddable":true,"href":"https:\/\/acasl-beauronne.fr\/index.php\/wp-json\/wp\/v2\/users\/1"}],"replies":[{"embeddable":true,"href":"https:\/\/acasl-beauronne.fr\/index.php\/wp-json\/wp\/v2\/comments?post=283"}],"version-history":[{"count":9,"href":"https:\/\/acasl-beauronne.fr\/index.php\/wp-json\/wp\/v2\/pages\/283\/revisions"}],"predecessor-version":[{"id":864,"href":"https:\/\/acasl-beauronne.fr\/index.php\/wp-json\/wp\/v2\/pages\/283\/revisions\/864"}],"wp:attachment":[{"href":"https:\/\/acasl-beauronne.fr\/index.php\/wp-json\/wp\/v2\/media?parent=283"}],"curies":[{"name":"wp","href":"https:\/\/api.w.org\/{rel}","templated":true}]}}